{"id":151,"date":"2025-07-09T22:43:37","date_gmt":"2025-07-09T22:43:37","guid":{"rendered":"https:\/\/fundacionsocialcaminodemaria.org\/?page_id=151"},"modified":"2025-08-06T22:48:59","modified_gmt":"2025-08-06T22:48:59","slug":"terminos-y-condiciones","status":"publish","type":"page","link":"https:\/\/fundacionsocialcaminodemaria.org\/en\/terminos-y-condiciones\/","title":{"rendered":"Terms and Conditions"},"content":{"rendered":"<style>.elementor-151 .elementor-element.elementor-element-4485896{--display:flex;--flex-direction:row;--container-widget-width:calc( ( 1 - var( --container-widget-flex-grow ) ) * 100% );--container-widget-height:100%;--container-widget-flex-grow:1;--container-widget-align-self:stretch;--flex-wrap-mobile:wrap;--align-items:flex-end;--gap:0px 0px;--row-gap:0px;--column-gap:0px;--overlay-opacity:0.2;--margin-top:-0px;--margin-bottom:0px;--margin-left:0px;--margin-right:0px;--padding-top:0350px;--padding-bottom:20px;--padding-left:0px;--padding-right:0px;}.elementor-151 .elementor-element.elementor-element-4485896:not(.elementor-motion-effects-element-type-background), .elementor-151 .elementor-element.elementor-element-4485896 > .elementor-motion-effects-container > .elementor-motion-effects-layer{background-image:url(\"https:\/\/fundacionsocialcaminodemaria.org\/wp-content\/uploads\/2025\/07\/FM-137-scaled.jpg\");background-position:center center;background-repeat:no-repeat;background-size:cover;}.elementor-151 .elementor-element.elementor-element-4485896::before, .elementor-151 .elementor-element.elementor-element-4485896 > .elementor-background-video-container::before, .elementor-151 .elementor-element.elementor-element-4485896 > .e-con-inner > .elementor-background-video-container::before, .elementor-151 .elementor-element.elementor-element-4485896 > .elementor-background-slideshow::before, .elementor-151 .elementor-element.elementor-element-4485896 > .e-con-inner > .elementor-background-slideshow::before, .elementor-151 .elementor-element.elementor-element-4485896 > .elementor-motion-effects-container > .elementor-motion-effects-layer::before{--background-overlay:'';background-color:#0372AA;}.elementor-151 .elementor-element.elementor-element-4485896.e-con{--align-self:flex-end;}.elementor-151 .elementor-element.elementor-element-1eb6a1c{--display:flex;--flex-direction:column;--container-widget-width:100%;--container-widget-height:initial;--container-widget-flex-grow:0;--container-widget-align-self:initial;--flex-wrap-mobile:wrap;}.elementor-151 .elementor-element.elementor-element-27b370f .elementor-heading-title{font-family:\"Montserrat\", Sans-serif;font-size:50px;font-weight:600;text-transform:none;font-style:italic;text-decoration:none;line-height:75px;color:var( --e-global-color-ab01cc6 );}.elementor-151 .elementor-element.elementor-element-48775cb8{--display:flex;--padding-top:50px;--padding-bottom:50px;--padding-left:0px;--padding-right:0px;}@media(min-width:768px){.elementor-151 .elementor-element.elementor-element-1eb6a1c{--width:90%;}}@media(max-width:1024px){.elementor-151 .elementor-element.elementor-element-4485896{--margin-top:0px;--margin-bottom:0px;--margin-left:0px;--margin-right:0px;--padding-top:200px;--padding-bottom:20px;--padding-left:20px;--padding-right:20px;}.elementor-151 .elementor-element.elementor-element-27b370f .elementor-heading-title{font-size:35px;line-height:55px;}.elementor-151 .elementor-element.elementor-element-48775cb8{--padding-top:40px;--padding-bottom:40px;--padding-left:40px;--padding-right:40px;}}@media(max-width:767px){.elementor-151 .elementor-element.elementor-element-4485896{--overlay-opacity:0.2;--margin-top:0px;--margin-bottom:0px;--margin-left:0px;--margin-right:0px;--padding-top:120px;--padding-bottom:10px;--padding-left:20px;--padding-right:20px;}.elementor-151 .elementor-element.elementor-element-27b370f .elementor-heading-title{font-size:25px;line-height:40px;}.elementor-151 .elementor-element.elementor-element-48775cb8{--padding-top:20px;--padding-bottom:20px;--padding-left:20px;--padding-right:20px;}}<\/style>\t\t<div data-elementor-type=\"wp-page\" data-elementor-id=\"151\" class=\"elementor elementor-151\" data-elementor-settings=\"{&quot;ha_cmc_init_switcher&quot;:&quot;no&quot;}\">\n\t\t\t\t<div class=\"elementor-element elementor-element-4485896 e-flex e-con-boxed e-con e-parent\" data-id=\"4485896\" data-element_type=\"container\" data-e-type=\"container\" data-settings=\"{&quot;background_background&quot;:&quot;classic&quot;,&quot;_ha_eqh_enable&quot;:false}\">\n\t\t\t\t\t<div class=\"e-con-inner\">\n\t\t<div class=\"elementor-element elementor-element-1eb6a1c e-con-full e-flex e-con e-child\" data-id=\"1eb6a1c\" data-element_type=\"container\" data-e-type=\"container\" data-settings=\"{&quot;_ha_eqh_enable&quot;:false}\">\n\t\t\t\t<div class=\"elementor-element elementor-element-27b370f exad-sticky-section-no exad-glass-effect-no elementor-invisible elementor-widget elementor-widget-heading\" data-id=\"27b370f\" data-element_type=\"widget\" data-e-type=\"widget\" data-settings=\"{&quot;_animation&quot;:&quot;fadeInLeft&quot;}\" data-widget_type=\"heading.default\">\n\t\t\t\t\t<h2 class=\"elementor-heading-title elementor-size-default\">Terms and conditions of use of the website<\/h2>\t\t\t\t<\/div>\n\t\t\t\t<\/div>\n\t\t\t\t\t<\/div>\n\t\t\t\t<\/div>\n\t\t<div class=\"elementor-element elementor-element-48775cb8 e-flex e-con-boxed e-con e-parent\" data-id=\"48775cb8\" data-element_type=\"container\" data-e-type=\"container\" data-settings=\"{&quot;_ha_eqh_enable&quot;:false}\">\n\t\t\t\t\t<div class=\"e-con-inner\">\n\t\t\t\t<div class=\"elementor-element elementor-element-10adfc4a exad-sticky-section-no exad-glass-effect-no elementor-widget elementor-widget-text-editor\" data-id=\"10adfc4a\" data-element_type=\"widget\" data-e-type=\"widget\" data-widget_type=\"text-editor.default\">\n\t\t\t\t\t\t\t\t\t<p>These Terms and Conditions govern access to and use of the website www.fundacionsocialcaminodemaria.org, owned by FUNDACI\u00d3N CAMINO DE MAR\u00cdA, a non-profit organization with NIT 900.208.889, based in Barranquilla, Colombia.<\/p><p>1. ACCEPTANCE OF TERMS<\/p><p>Accessing, browsing, and using this website implies full and unconditional acceptance of these Terms and Conditions. If you do not agree, please refrain from using it.<\/p><p>2. PURPOSE OF THE WEBSITE<\/p><p>The website aims to disseminate institutional information about the Foundation's programs, activities, campaigns, and services, as well as to facilitate contact with beneficiaries, volunteers, and donors. It also allows online donations.<\/p><p>3. PROPER USE OF CONTENT<\/p><p>The user agrees to use the website content lawfully, respecting morals, public order, and applicable laws. The use of the site for fraudulent, offensive, or illegal purposes is strictly prohibited.<\/p><p>4. INTELLECTUAL PROPERTY<\/p><p>All website content (texts, images, graphics, logos, videos, documents, etc.) is the property of the Foundation or its partners and is protected under Colombian copyright laws. Total or partial reproduction is prohibited without prior written authorization.<\/p><p>5. THIRD-PARTY LINKS<\/p><p>This site may contain links to third-party websites. The Foundation is not responsible for the content or privacy policies of such external sites.<\/p><p>6. ONLINE DONATIONS<\/p><p>Donations made through the website are voluntary and non-refundable. Donors must provide accurate and complete information. The Foundation will issue the certificates required by Colombian tax regulations when applicable.<\/p><p>PERSONAL DATA PROTECTION<\/p><p>Personal data collected through the website will be processed in accordance with our Privacy and Data Protection Policy, available on this site. Use of the site implies acceptance of said policy.<\/p><p>8. MODIFICATIONS<\/p><p>The Foundation reserves the right to modify the website's content, services, and conditions at any time. Modifications will be published in a timely manner and will take effect immediately upon publication.<\/p><p>9. APPLICABLE LAW  AND  JURISDICTION<\/p><p>These Terms and Conditions are governed by Colombian law. Any disputes will be resolved before the competent courts in the city of Barranquilla.<\/p><p>10. CONTACT<\/p><p>For inquiries regarding these Terms and Conditions, please contact us at:<br \/>FUNDACI\u00d3N CAMINO DE MAR\u00cdA<br \/>Address: Carrera 12D # 100-66, Barranquilla, Colombia<br \/>Phone: +57 312-595-9243 \/ +57 317-428-5023<br \/>Email: fscaminodemaria@gmail.com<\/p>\t\t\t\t\t\t\t\t<\/div>\n\t\t\t\t\t<\/div>\n\t\t\t\t<\/div>\n\t\t\t\t<\/div>","protected":false},"excerpt":{"rendered":"<p>T\u00e9rminos y condiciones de uso del sitio web Los presentes T\u00e9rminos y Condiciones regulan el acceso y uso del sitio web www.fundacionsocialcaminodemaria.org, propiedad de la FUNDACI\u00d3N CAMINO DE MAR\u00cdA, una entidad sin \u00e1nimo de lucro con NIT 900.208.889, domiciliada en Barranquilla, Colombia. 1. ACEPTACI\u00d3N DE LOS T\u00c9RMINOS El acceso, navegaci\u00f3n y uso de este sitio [&hellip;]<\/p>","protected":false},"author":1,"featured_media":0,"parent":0,"menu_order":0,"comment_status":"closed","ping_status":"closed","template":"elementor_header_footer","meta":{"footnotes":""},"class_list":["post-151","page","type-page","status-publish","hentry"],"_hostinger_reach_plugin_has_subscription_block":false,"_hostinger_reach_plugin_is_elementor":false,"_links":{"self":[{"href":"https:\/\/fundacionsocialcaminodemaria.org\/en\/wp-json\/wp\/v2\/pages\/151","targetHints":{"allow":["GET"]}}],"collection":[{"href":"https:\/\/fundacionsocialcaminodemaria.org\/en\/wp-json\/wp\/v2\/pages"}],"about":[{"href":"https:\/\/fundacionsocialcaminodemaria.org\/en\/wp-json\/wp\/v2\/types\/page"}],"author":[{"embeddable":true,"href":"https:\/\/fundacionsocialcaminodemaria.org\/en\/wp-json\/wp\/v2\/users\/1"}],"replies":[{"embeddable":true,"href":"https:\/\/fundacionsocialcaminodemaria.org\/en\/wp-json\/wp\/v2\/comments?post=151"}],"version-history":[{"count":28,"href":"https:\/\/fundacionsocialcaminodemaria.org\/en\/wp-json\/wp\/v2\/pages\/151\/revisions"}],"predecessor-version":[{"id":1555,"href":"https:\/\/fundacionsocialcaminodemaria.org\/en\/wp-json\/wp\/v2\/pages\/151\/revisions\/1555"}],"wp:attachment":[{"href":"https:\/\/fundacionsocialcaminodemaria.org\/en\/wp-json\/wp\/v2\/media?parent=151"}],"curies":[{"name":"wp","href":"https:\/\/api.w.org\/{rel}","templated":true}]}}